{"id":2653,"date":"2025-01-28T09:06:31","date_gmt":"2025-01-28T08:06:31","guid":{"rendered":"https:\/\/www.duofalz.com\/?page_id=2653"},"modified":"2025-02-06T14:34:00","modified_gmt":"2025-02-06T13:34:00","slug":"domov","status":"publish","type":"page","link":"https:\/\/www.duofalz.com\/sl\/","title":{"rendered":"DOMOV"},"content":{"rendered":"<div class=\"wpb-content-wrapper\"><p>[vc_row css=&#8221;.vc_custom_1710408350737{border: 0px initial !important;}&#8221;][vc_column][vc_empty_space][\/vc_column][\/vc_row][vc_row css=&#8221;.vc_custom_1710408350737{border: 0px initial !important;}&#8221;][vc_column][vc_separator color=&#8221;custom&#8221; accent_color=&#8221;#f28c00&#8243;][vc_empty_space][\/vc_column][\/vc_row][vc_row full_width=&#8221;stretch_row&#8221; type=&#8221;vc_default&#8221; margin_top=&#8221;-6&#8243; margin_bottom=&#8221;24&#8243; css=&#8221;.vc_custom_1594037363685{padding-top: 15px !important;padding-bottom: 0px !important;}&#8221;][vc_column width=&#8221;1\/2&#8243; offset=&#8221;vc_col-lg-3 vc_col-md-3&#8243; css=&#8221;.vc_custom_1594123471229{padding-top: 0px !important;padding-bottom: 50px !important;}&#8221;]<div class=\"aio-icon-component  vc_custom_1594123499176  accent-icon-bg style_1\"><div id=\"Info-box-wrap-9199\" class=\"aio-icon-box top-icon\" style=\"\"  ><div class=\"aio-icon-top\"><div class=\"ult-just-icon-wrapper  \"><div class=\"align-icon\" style=\"text-align:center;\">\n<div class=\"aio-icon circle \"  style=\"color:#ffffff;font-size:32px;display:inline-block;\">\n\t<i class=\"icomoon-icomoonfree-16x16-flag\"><\/i>\n<\/div><\/div><\/div><\/div><div class=\"aio-icon-header\" ><h3 class=\"aio-icon-title ult-responsive\"  data-ultimate-target='#Info-box-wrap-9199 .aio-icon-title'  data-responsive-json-new='{\"font-size\":\"desktop:20px;\",\"line-height\":\"desktop:30px;\"}'  style=\"\">40 let garancije<\/h3><\/div> <!-- header --><\/div> <!-- aio-icon-box --><\/div> <!-- aio-icon-component -->[\/vc_column][vc_column width=&#8221;1\/2&#8243; offset=&#8221;vc_col-lg-3 vc_col-md-3&#8243; css=&#8221;.vc_custom_1495112563645{padding-bottom: 50px !important;}&#8221;]<div class=\"aio-icon-component  vc_custom_1594123520778  accent-icon-bg style_1\"><div id=\"Info-box-wrap-6581\" class=\"aio-icon-box top-icon\" style=\"\"  ><div class=\"aio-icon-top\"><div class=\"ult-just-icon-wrapper  \"><div class=\"align-icon\" style=\"text-align:center;\">\n<div class=\"aio-icon circle \"  style=\"color:#ffffff;font-size:32px;display:inline-block;\">\n\t<i class=\"fas fa-layer-group\"><\/i>\n<\/div><\/div><\/div><\/div><div class=\"aio-icon-header\" ><h3 class=\"aio-icon-title ult-responsive\"  data-ultimate-target='#Info-box-wrap-6581 .aio-icon-title'  data-responsive-json-new='{\"font-size\":\"desktop:20px;\",\"line-height\":\"desktop:30px;\"}'  style=\"\">\u0160irok barvni izbor<\/h3><\/div> <!-- header --><\/div> <!-- aio-icon-box --><\/div> <!-- aio-icon-component -->[\/vc_column][vc_column width=&#8221;1\/2&#8243; offset=&#8221;vc_col-lg-3 vc_col-md-3&#8243; css=&#8221;.vc_custom_1495112570142{padding-bottom: 50px !important;}&#8221;]<div class=\"aio-icon-component  vc_custom_1594123544919  accent-icon-bg style_1\"><div id=\"Info-box-wrap-8939\" class=\"aio-icon-box top-icon\" style=\"\"  ><div class=\"aio-icon-top\"><div class=\"ult-just-icon-wrapper  \"><div class=\"align-icon\" style=\"text-align:center;\">\n<div class=\"aio-icon circle \"  style=\"color:#ffffff;font-size:32px;display:inline-block;\">\n\t<i class=\"fas fa-rainbow\"><\/i>\n<\/div><\/div><\/div><\/div><div class=\"aio-icon-header\" ><h3 class=\"aio-icon-title ult-responsive\"  data-ultimate-target='#Info-box-wrap-8939 .aio-icon-title'  data-responsive-json-new='{\"font-size\":\"desktop:20px;\",\"line-height\":\"desktop:30px;\"}'  style=\"\">VSESTRANSKO UPORABEN<\/h3><\/div> <!-- header --><\/div> <!-- aio-icon-box --><\/div> <!-- aio-icon-component -->[\/vc_column][vc_column width=&#8221;1\/2&#8243; css=&#8221;.vc_custom_1593672745241{padding-bottom: 50px !important;}&#8221; offset=&#8221;vc_col-lg-3 vc_col-md-3&#8243;]<div class=\"aio-icon-component  vc_custom_1594123566818  accent-icon-bg style_1\"><div id=\"Info-box-wrap-2046\" class=\"aio-icon-box top-icon\" style=\"\"  ><div class=\"aio-icon-top\"><div class=\"ult-just-icon-wrapper  \"><div class=\"align-icon\" style=\"text-align:center;\">\n<div class=\"aio-icon circle \"  style=\"color:#ffffff;font-size:32px;display:inline-block;\">\n\t<i class=\"fas fa-bullseye\"><\/i>\n<\/div><\/div><\/div><\/div><div class=\"aio-icon-header\" ><h3 class=\"aio-icon-title ult-responsive\"  data-ultimate-target='#Info-box-wrap-2046 .aio-icon-title'  data-responsive-json-new='{\"font-size\":\"desktop:20px;\",\"line-height\":\"desktop:30px;\"}'  style=\"\">visoko obremenljiv<\/h3><\/div> <!-- header --><\/div> <!-- aio-icon-box --><\/div> <!-- aio-icon-component -->[\/vc_column][\/vc_row][vc_row full_width=&#8221;stretch_row&#8221; gap=&#8221;20&#8243; bg_type=&#8221;bg_color&#8221; bg_override=&#8221;ex-full&#8221; type=&#8221;vc_default&#8221; bg_color_value=&#8221;#f5f5f5&#8243; css=&#8221;.vc_custom_1710427246706{padding-top: 30px !important;}&#8221;][vc_column width=&#8221;1\/3&#8243; css=&#8221;.vc_custom_1710427263704{padding-bottom: 50px !important;}&#8221;]<div id=\"ultimate-heading-73306a03168b055fe\" class=\"uvc-heading ult-adjust-bottom-margin ultimate-heading-73306a03168b055fe uvc-1052 accent-border-color\" data-hspacer=\"line_only\"  data-halign=\"center\" style=\"text-align:center\"><div class=\"uvc-heading-spacer line_only\" style=\"topheight:2px;\"><span class=\"uvc-headings-line\" style=\"border-style:solid;border-bottom-width:2px;border-color:;width:200px;\"><\/span><\/div><div class=\"uvc-main-heading ult-responsive\"  data-ultimate-target='.uvc-heading.ultimate-heading-73306a03168b055fe h2'  data-responsive-json-new='{\"font-size\":\"desktop:40px;\",\"line-height\":\"desktop:46px;\"}' ><h2 style=\"font-weight:bold;margin-top:15px;margin-bottom:15px;\">PISAN<\/h2><\/div><div class=\"uvc-sub-heading ult-responsive\"  data-ultimate-target='.uvc-heading.ultimate-heading-73306a03168b055fe .uvc-sub-heading '  data-responsive-json-new='{\"font-size\":\"\",\"line-height\":\"\"}'  style=\"font-weight:normal;\">Barve, ki se lahko popolnoma zlijejo s katerokoli pokrajino. Bodisi nevtralna antracitna, topla bakreno rjava ali bogata mahovo zelena. Te in \u0161e druge barvne izvedbe obojestransko uporabnega aluminija <strong>DUOFALZ <\/strong>omogo\u010dajo pretvorbo \u0161tevilnih arhitektonskih vizij in prepri\u010dajo s svojim spektakularnim u\u010dinkom.<\/div><\/div>[\/vc_column][vc_column width=&#8221;1\/3&#8243; css=&#8221;.vc_custom_1710427274878{padding-bottom: 50px !important;}&#8221;]<div id=\"ultimate-heading-98716a03168b05687\" class=\"uvc-heading ult-adjust-bottom-margin ultimate-heading-98716a03168b05687 uvc-8144 accent-border-color\" data-hspacer=\"line_only\"  data-halign=\"center\" style=\"text-align:center\"><div class=\"uvc-heading-spacer line_only\" style=\"topheight:2px;\"><span class=\"uvc-headings-line\" style=\"border-style:solid;border-bottom-width:2px;border-color:;width:200px;\"><\/span><\/div><div class=\"uvc-main-heading ult-responsive\"  data-ultimate-target='.uvc-heading.ultimate-heading-98716a03168b05687 h2'  data-responsive-json-new='{\"font-size\":\"desktop:40px;\",\"line-height\":\"desktop:46px;\"}' ><h2 style=\"font-weight:bold;margin-top:15px;margin-bottom:15px;\">LAHEK<\/h2><\/div><div class=\"uvc-sub-heading ult-responsive\"  data-ultimate-target='.uvc-heading.ultimate-heading-98716a03168b05687 .uvc-sub-heading '  data-responsive-json-new='{\"font-size\":\"\",\"line-height\":\"\"}'  style=\"font-weight:normal;\">Aluminij <strong>DUOFALZ <\/strong>\u2013 edinstvena kombinacija lahke te\u017ee in lahkotnosti formiranja materiala naredi nemogo\u010de realnost. Arhitektonskemu maneverskemu prostoru ni postavljena nobena meja. Aluminij <strong>DUOFALZ <\/strong>predstavlja individualnost. Med drugim spada aluminij med nepogre\u0161ljive elemente dana\u0161nje moderne arhitekture.<\/div><\/div>[\/vc_column][vc_column width=&#8221;1\/3&#8243;]<div id=\"ultimate-heading-43536a03168b056ef\" class=\"uvc-heading ult-adjust-bottom-margin ultimate-heading-43536a03168b056ef uvc-1267 accent-border-color\" data-hspacer=\"line_only\"  data-halign=\"center\" style=\"text-align:center\"><div class=\"uvc-heading-spacer line_only\" style=\"topheight:2px;\"><span class=\"uvc-headings-line\" style=\"border-style:solid;border-bottom-width:2px;border-color:;width:200px;\"><\/span><\/div><div class=\"uvc-main-heading ult-responsive\"  data-ultimate-target='.uvc-heading.ultimate-heading-43536a03168b056ef h2'  data-responsive-json-new='{\"font-size\":\"desktop:40px;\",\"line-height\":\"desktop:46px;\"}' ><h2 style=\"font-weight:bold;margin-top:15px;margin-bottom:15px;\">OBSTOJEN<\/h2><\/div><div class=\"uvc-sub-heading ult-responsive\"  data-ultimate-target='.uvc-heading.ultimate-heading-43536a03168b056ef .uvc-sub-heading '  data-responsive-json-new='{\"font-size\":\"\",\"line-height\":\"\"}'  style=\"font-weight:normal;\">Dolgo obstojen &#8211; brez rjavenja, brez potrebe vzdr\u017eevanja, nezlomljiv, odporen na neurja in korozijo in predvsem odporen na visoke temperature. To so na kratko izstopajo\u010de zna\u010dilnosti aluminija <strong>DUOFALZ<\/strong>. Izvrstna kvaliteta osnovnega materiala v kombinaciji z visokokakovostnim premazom postavlja podlago za 40 letno garancijo.<\/div><\/div>[\/vc_column][\/vc_row]<\/p>\n<\/div>","protected":false},"excerpt":{"rendered":"<p>[vc_row css=&#8221;.vc_custom_1710408350737{border: 0px initial !important;}&#8221;][vc_column][vc_empty_space][\/vc_column][\/vc_row][vc_row css=&#8221;.vc_custom_1710408350737{border: 0px initial !important;}&#8221;][vc_column][vc_separator color=&#8221;custom&#8221; accent_color=&#8221;#f28c00&#8243;][vc_empty_space][\/vc_column][\/vc_row][vc_row full_width=&#8221;stretch_row&#8221; type=&#8221;vc_default&#8221; margin_top=&#8221;-6&#8243; margin_bottom=&#8221;24&#8243; css=&#8221;.vc_custom_1594037363685{padding-top: 15px !important;padding-bottom: 0px !important;}&#8221;][vc_column width=&#8221;1\/2&#8243; offset=&#8221;vc_col-lg-3 vc_col-md-3&#8243; css=&#8221;.vc_custom_1594123471229{padding-top: 0px !important;padding-bottom: 50px !important;}&#8221;][\/vc_column][vc_column width=&#8221;1\/2&#8243; offset=&#8221;vc_col-lg-3 vc_col-md-3&#8243; css=&#8221;.vc_custom_1495112563645{padding-bottom: 50px !important;}&#8221;][\/vc_column][vc_column width=&#8221;1\/2&#8243; offset=&#8221;vc_col-lg-3 vc_col-md-3&#8243; css=&#8221;.vc_custom_1495112570142{padding-bottom: 50px !important;}&#8221;][\/vc_column][vc_column width=&#8221;1\/2&#8243; css=&#8221;.vc_custom_1593672745241{padding-bottom: 50px !important;}&#8221; offset=&#8221;vc_col-lg-3 vc_col-md-3&#8243;][\/vc_column][\/vc_row][vc_row full_width=&#8221;stretch_row&#8221; gap=&#8221;20&#8243; bg_type=&#8221;bg_color&#8221; bg_override=&#8221;ex-full&#8221; type=&#8221;vc_default&#8221; bg_color_value=&#8221;#f5f5f5&#8243; css=&#8221;.vc_custom_1710427246706{padding-top: 30px !important;}&#8221;][vc_column&hellip;<\/p>\n","protected":false},"author":1,"featured_media":0,"parent":0,"menu_order":71,"comment_status":"closed","ping_status":"closed","template":"","meta":{"footnotes":""},"categories":[],"class_list":["post-2653","page","type-page","status-publish","hentry","description-off"],"yoast_head":"<!-- This site is optimized with the Yoast SEO plugin v26.3 - https:\/\/yoast.com\/wordpress\/plugins\/seo\/ -->\n<title>DUOFALZ aluminij - nepogre\u0161ljiv element moderne arhitekture<\/title>\n<meta name=\"description\" content=\"Aluminij DUOFALZ \u2013 edinstvena kombinacija lahke te\u017ee in lahkotnosti formiranja materiala naredi nemogo\u010de realnost.\" \/>\n<meta name=\"robots\" content=\"index, follow, max-snippet:-1, max-image-preview:large, max-video-preview:-1\" \/>\n<link rel=\"canonical\" href=\"https:\/\/www.duofalz.com\/sl\/\" \/>\n<meta property=\"og:locale\" content=\"sl_SI\" \/>\n<meta property=\"og:type\" content=\"article\" \/>\n<meta property=\"og:title\" content=\"DUOFALZ aluminij - nepogre\u0161ljiv element moderne arhitekture\" \/>\n<meta property=\"og:description\" content=\"Aluminij DUOFALZ \u2013 edinstvena kombinacija lahke te\u017ee in lahkotnosti formiranja materiala naredi nemogo\u010de realnost.\" \/>\n<meta property=\"og:url\" content=\"https:\/\/www.duofalz.com\/sl\/\" \/>\n<meta property=\"og:site_name\" content=\"DUOFALZ\" \/>\n<meta property=\"article:modified_time\" content=\"2025-02-06T13:34:00+00:00\" \/>\n<meta property=\"og:image\" content=\"https:\/\/www.duofalz.com\/wp-content\/uploads\/2020\/08\/faecher-footer.png\" \/>\n\t<meta property=\"og:image:width\" content=\"600\" \/>\n\t<meta property=\"og:image:height\" content=\"315\" \/>\n\t<meta property=\"og:image:type\" content=\"image\/png\" \/>\n<meta name=\"twitter:card\" content=\"summary_large_image\" \/>\n<meta name=\"twitter:label1\" content=\"Est. reading time\" \/>\n\t<meta name=\"twitter:data1\" content=\"2 minuti\" \/>\n<script type=\"application\/ld+json\" class=\"yoast-schema-graph\">{\"@context\":\"https:\/\/schema.org\",\"@graph\":[{\"@type\":\"WebPage\",\"@id\":\"https:\/\/www.duofalz.com\/sl\/\",\"url\":\"https:\/\/www.duofalz.com\/sl\/\",\"name\":\"DUOFALZ aluminij - nepogre\u0161ljiv element moderne arhitekture\",\"isPartOf\":{\"@id\":\"https:\/\/www.duofalz.com\/#website\"},\"datePublished\":\"2025-01-28T08:06:31+00:00\",\"dateModified\":\"2025-02-06T13:34:00+00:00\",\"description\":\"Aluminij DUOFALZ \u2013 edinstvena kombinacija lahke te\u017ee in lahkotnosti formiranja materiala naredi nemogo\u010de realnost.\",\"breadcrumb\":{\"@id\":\"https:\/\/www.duofalz.com\/sl\/#breadcrumb\"},\"inLanguage\":\"sl-SI\",\"potentialAction\":[{\"@type\":\"ReadAction\",\"target\":[\"https:\/\/www.duofalz.com\/sl\/\"]}]},{\"@type\":\"BreadcrumbList\",\"@id\":\"https:\/\/www.duofalz.com\/sl\/#breadcrumb\",\"itemListElement\":[{\"@type\":\"ListItem\",\"position\":1,\"name\":\"Startseite\",\"item\":\"https:\/\/www.duofalz.com\/sl\/\"},{\"@type\":\"ListItem\",\"position\":2,\"name\":\"DOMOV\"}]},{\"@type\":\"WebSite\",\"@id\":\"https:\/\/www.duofalz.com\/#website\",\"url\":\"https:\/\/www.duofalz.com\/\",\"name\":\"DUOFALZ\",\"description\":\"Aluminij\\nProgram \\n\",\"potentialAction\":[{\"@type\":\"SearchAction\",\"target\":{\"@type\":\"EntryPoint\",\"urlTemplate\":\"https:\/\/www.duofalz.com\/?s={search_term_string}\"},\"query-input\":{\"@type\":\"PropertyValueSpecification\",\"valueRequired\":true,\"valueName\":\"search_term_string\"}}],\"inLanguage\":\"sl-SI\"}]}<\/script>\n<!-- \/ Yoast SEO plugin. -->","yoast_head_json":{"title":"DUOFALZ aluminij - nepogre\u0161ljiv element moderne arhitekture","description":"Aluminij DUOFALZ \u2013 edinstvena kombinacija lahke te\u017ee in lahkotnosti formiranja materiala naredi nemogo\u010de realnost.","robots":{"index":"index","follow":"follow","max-snippet":"max-snippet:-1","max-image-preview":"max-image-preview:large","max-video-preview":"max-video-preview:-1"},"canonical":"https:\/\/www.duofalz.com\/sl\/","og_locale":"sl_SI","og_type":"article","og_title":"DUOFALZ aluminij - nepogre\u0161ljiv element moderne arhitekture","og_description":"Aluminij DUOFALZ \u2013 edinstvena kombinacija lahke te\u017ee in lahkotnosti formiranja materiala naredi nemogo\u010de realnost.","og_url":"https:\/\/www.duofalz.com\/sl\/","og_site_name":"DUOFALZ","article_modified_time":"2025-02-06T13:34:00+00:00","og_image":[{"width":600,"height":315,"url":"https:\/\/www.duofalz.com\/wp-content\/uploads\/2020\/08\/faecher-footer.png","type":"image\/png"}],"twitter_card":"summary_large_image","twitter_misc":{"Est. reading time":"2 minuti"},"schema":{"@context":"https:\/\/schema.org","@graph":[{"@type":"WebPage","@id":"https:\/\/www.duofalz.com\/sl\/","url":"https:\/\/www.duofalz.com\/sl\/","name":"DUOFALZ aluminij - nepogre\u0161ljiv element moderne arhitekture","isPartOf":{"@id":"https:\/\/www.duofalz.com\/#website"},"datePublished":"2025-01-28T08:06:31+00:00","dateModified":"2025-02-06T13:34:00+00:00","description":"Aluminij DUOFALZ \u2013 edinstvena kombinacija lahke te\u017ee in lahkotnosti formiranja materiala naredi nemogo\u010de realnost.","breadcrumb":{"@id":"https:\/\/www.duofalz.com\/sl\/#breadcrumb"},"inLanguage":"sl-SI","potentialAction":[{"@type":"ReadAction","target":["https:\/\/www.duofalz.com\/sl\/"]}]},{"@type":"BreadcrumbList","@id":"https:\/\/www.duofalz.com\/sl\/#breadcrumb","itemListElement":[{"@type":"ListItem","position":1,"name":"Startseite","item":"https:\/\/www.duofalz.com\/sl\/"},{"@type":"ListItem","position":2,"name":"DOMOV"}]},{"@type":"WebSite","@id":"https:\/\/www.duofalz.com\/#website","url":"https:\/\/www.duofalz.com\/","name":"DUOFALZ","description":"Aluminij\nProgram \n","potentialAction":[{"@type":"SearchAction","target":{"@type":"EntryPoint","urlTemplate":"https:\/\/www.duofalz.com\/?s={search_term_string}"},"query-input":{"@type":"PropertyValueSpecification","valueRequired":true,"valueName":"search_term_string"}}],"inLanguage":"sl-SI"}]}},"_links":{"self":[{"href":"https:\/\/www.duofalz.com\/sl\/wp-json\/wp\/v2\/pages\/2653","targetHints":{"allow":["GET"]}}],"collection":[{"href":"https:\/\/www.duofalz.com\/sl\/wp-json\/wp\/v2\/pages"}],"about":[{"href":"https:\/\/www.duofalz.com\/sl\/wp-json\/wp\/v2\/types\/page"}],"author":[{"embeddable":true,"href":"https:\/\/www.duofalz.com\/sl\/wp-json\/wp\/v2\/users\/1"}],"replies":[{"embeddable":true,"href":"https:\/\/www.duofalz.com\/sl\/wp-json\/wp\/v2\/comments?post=2653"}],"version-history":[{"count":12,"href":"https:\/\/www.duofalz.com\/sl\/wp-json\/wp\/v2\/pages\/2653\/revisions"}],"predecessor-version":[{"id":3743,"href":"https:\/\/www.duofalz.com\/sl\/wp-json\/wp\/v2\/pages\/2653\/revisions\/3743"}],"wp:attachment":[{"href":"https:\/\/www.duofalz.com\/sl\/wp-json\/wp\/v2\/media?parent=2653"}],"wp:term":[{"taxonomy":"category","embeddable":true,"href":"https:\/\/www.duofalz.com\/sl\/wp-json\/wp\/v2\/categories?post=2653"}],"curies":[{"name":"wp","href":"https:\/\/api.w.org\/{rel}","templated":true}]}}