{"id":3277,"date":"2025-01-17T10:39:17","date_gmt":"2025-01-17T09:39:17","guid":{"rendered":"https:\/\/www.duofalz.com\/?page_id=3277"},"modified":"2025-01-23T11:03:21","modified_gmt":"2025-01-23T10:03:21","slug":"note-legali","status":"publish","type":"page","link":"https:\/\/www.duofalz.com\/it\/note-legali\/","title":{"rendered":"NOTE LEGALI"},"content":{"rendered":"<div class=\"wpb-content-wrapper\"><p>[vc_row][vc_column][vc_column_text]Inserimento dati e responsabilit\u00e0 secondo normativa \u00a75 ECG<\/p>\n<p>FILLI Stahlgro\u00dfhandelsgesellschaft mit beschr\u00e4nkter Haftung<br \/>\nSchr\u00f6dingerstra\u00dfe 5 A-9020 Klagenfurt<br \/>\nTel.: +43 (0)463 379 70<br \/>\nE-Mail:\u00a0<a href=\"mailto:office@fillistahl.at\">office@fillistahl.at<\/a><br \/>\nWeb:\u00a0<a class=\"wpel-icon-right\" href=\"https:\/\/www.fillistahl.at\/\" target=\"_blank\" rel=\"external noopener noreferrer\" data-wpel-link=\"external\">www.fillistahl.at<i class=\"wpel-icon dashicons-before dashicons-admin-links\" aria-hidden=\"true\"><\/i><\/a><\/p>\n<p>Legale rappresentante: Dr. Joachim Augustin<br \/>\nAutorit\u00e0 di vigilanza: Camera di commercio della Carinzia<br \/>\nRegistro delle imprese nr. FN51938f<br \/>\nTribunale di competenza: Tribunale di Klagenfurt<br \/>\nUID-Nummer: ATU 28789807<\/p>\n<h2>RESPONSABILIT\u00c0 CONTENUTI<\/h2>\n<p>Sebbene le informazioni contenute siano attentamente controllate, non si dichiara o garantisce che le informazioni accessibili attraverso questo sito non contengano imprecisioni e che il sito sia completo e aggiornato. Il contenuto dei link esterni ricade sotto l\u2019esclusiva responsabilit\u00e0 del suo gestore.<\/p>\n<h2>Immagini<\/h2>\n<p>\u00a9 Daniel Waschnig, Filli Stahl, iStockphoto.com[\/vc_column_text][\/vc_column][\/vc_row]<\/p>\n<\/div>","protected":false},"excerpt":{"rendered":"<p>[vc_row][vc_column][vc_column_text]Inserimento dati e responsabilit\u00e0 secondo normativa \u00a75 ECG FILLI Stahlgro\u00dfhandelsgesellschaft mit beschr\u00e4nkter Haftung Schr\u00f6dingerstra\u00dfe 5 A-9020 Klagenfurt Tel.: +43 (0)463 379 70 E-Mail:\u00a0office@fillistahl.at Web:\u00a0www.fillistahl.at Legale rappresentante: Dr. Joachim Augustin Autorit\u00e0 di vigilanza: Camera di commercio della Carinzia Registro delle imprese nr. FN51938f Tribunale di competenza: Tribunale di Klagenfurt UID-Nummer: ATU 28789807 RESPONSABILIT\u00c0 CONTENUTI Sebbene le&hellip;<\/p>\n","protected":false},"author":1,"featured_media":0,"parent":0,"menu_order":79,"comment_status":"closed","ping_status":"closed","template":"","meta":{"footnotes":""},"categories":[],"class_list":["post-3277","page","type-page","status-publish","hentry","description-off"],"yoast_head":"<!-- This site is optimized with the Yoast SEO plugin v26.3 - https:\/\/yoast.com\/wordpress\/plugins\/seo\/ -->\n<title>NOTE LEGALI - DUOFALZ<\/title>\n<meta name=\"robots\" content=\"index, follow, max-snippet:-1, max-image-preview:large, max-video-preview:-1\" \/>\n<link rel=\"canonical\" href=\"https:\/\/www.duofalz.com\/it\/note-legali\/\" \/>\n<meta property=\"og:locale\" content=\"it_IT\" \/>\n<meta property=\"og:type\" content=\"article\" \/>\n<meta property=\"og:title\" content=\"NOTE LEGALI - DUOFALZ\" \/>\n<meta property=\"og:description\" content=\"[vc_row][vc_column][vc_column_text]Inserimento dati e responsabilit\u00e0 secondo normativa \u00a75 ECG FILLI Stahlgro\u00dfhandelsgesellschaft mit beschr\u00e4nkter Haftung Schr\u00f6dingerstra\u00dfe 5 A-9020 Klagenfurt Tel.: +43 (0)463 379 70 E-Mail:\u00a0office@fillistahl.at Web:\u00a0www.fillistahl.at Legale rappresentante: Dr. Joachim Augustin Autorit\u00e0 di vigilanza: Camera di commercio della Carinzia Registro delle imprese nr. FN51938f Tribunale di competenza: Tribunale di Klagenfurt UID-Nummer: ATU 28789807 RESPONSABILIT\u00c0 CONTENUTI Sebbene le&hellip;\" \/>\n<meta property=\"og:url\" content=\"https:\/\/www.duofalz.com\/it\/note-legali\/\" \/>\n<meta property=\"og:site_name\" content=\"DUOFALZ\" \/>\n<meta property=\"article:modified_time\" content=\"2025-01-23T10:03:21+00:00\" \/>\n<meta property=\"og:image\" content=\"https:\/\/www.duofalz.com\/wp-content\/uploads\/2020\/08\/faecher-footer.png\" \/>\n\t<meta property=\"og:image:width\" content=\"600\" \/>\n\t<meta property=\"og:image:height\" content=\"315\" \/>\n\t<meta property=\"og:image:type\" content=\"image\/png\" \/>\n<meta name=\"twitter:card\" content=\"summary_large_image\" \/>\n<meta name=\"twitter:label1\" content=\"Tempo di lettura stimato\" \/>\n\t<meta name=\"twitter:data1\" content=\"1 minuto\" \/>\n<script type=\"application\/ld+json\" class=\"yoast-schema-graph\">{\"@context\":\"https:\/\/schema.org\",\"@graph\":[{\"@type\":\"WebPage\",\"@id\":\"https:\/\/www.duofalz.com\/it\/note-legali\/\",\"url\":\"https:\/\/www.duofalz.com\/it\/note-legali\/\",\"name\":\"NOTE LEGALI - DUOFALZ\",\"isPartOf\":{\"@id\":\"https:\/\/www.duofalz.com\/#website\"},\"datePublished\":\"2025-01-17T09:39:17+00:00\",\"dateModified\":\"2025-01-23T10:03:21+00:00\",\"breadcrumb\":{\"@id\":\"https:\/\/www.duofalz.com\/it\/note-legali\/#breadcrumb\"},\"inLanguage\":\"it-IT\",\"potentialAction\":[{\"@type\":\"ReadAction\",\"target\":[\"https:\/\/www.duofalz.com\/it\/note-legali\/\"]}]},{\"@type\":\"BreadcrumbList\",\"@id\":\"https:\/\/www.duofalz.com\/it\/note-legali\/#breadcrumb\",\"itemListElement\":[{\"@type\":\"ListItem\",\"position\":1,\"name\":\"Startseite\",\"item\":\"https:\/\/www.duofalz.com\/it\/\"},{\"@type\":\"ListItem\",\"position\":2,\"name\":\"NOTE LEGALI\"}]},{\"@type\":\"WebSite\",\"@id\":\"https:\/\/www.duofalz.com\/#website\",\"url\":\"https:\/\/www.duofalz.com\/\",\"name\":\"DUOFALZ\",\"description\":\"Programma Alluminio\",\"potentialAction\":[{\"@type\":\"SearchAction\",\"target\":{\"@type\":\"EntryPoint\",\"urlTemplate\":\"https:\/\/www.duofalz.com\/?s={search_term_string}\"},\"query-input\":{\"@type\":\"PropertyValueSpecification\",\"valueRequired\":true,\"valueName\":\"search_term_string\"}}],\"inLanguage\":\"it-IT\"}]}<\/script>\n<!-- \/ Yoast SEO plugin. -->","yoast_head_json":{"title":"NOTE LEGALI - DUOFALZ","robots":{"index":"index","follow":"follow","max-snippet":"max-snippet:-1","max-image-preview":"max-image-preview:large","max-video-preview":"max-video-preview:-1"},"canonical":"https:\/\/www.duofalz.com\/it\/note-legali\/","og_locale":"it_IT","og_type":"article","og_title":"NOTE LEGALI - DUOFALZ","og_description":"[vc_row][vc_column][vc_column_text]Inserimento dati e responsabilit\u00e0 secondo normativa \u00a75 ECG FILLI Stahlgro\u00dfhandelsgesellschaft mit beschr\u00e4nkter Haftung Schr\u00f6dingerstra\u00dfe 5 A-9020 Klagenfurt Tel.: +43 (0)463 379 70 E-Mail:\u00a0office@fillistahl.at Web:\u00a0www.fillistahl.at Legale rappresentante: Dr. Joachim Augustin Autorit\u00e0 di vigilanza: Camera di commercio della Carinzia Registro delle imprese nr. FN51938f Tribunale di competenza: Tribunale di Klagenfurt UID-Nummer: ATU 28789807 RESPONSABILIT\u00c0 CONTENUTI Sebbene le&hellip;","og_url":"https:\/\/www.duofalz.com\/it\/note-legali\/","og_site_name":"DUOFALZ","article_modified_time":"2025-01-23T10:03:21+00:00","og_image":[{"width":600,"height":315,"url":"https:\/\/www.duofalz.com\/wp-content\/uploads\/2020\/08\/faecher-footer.png","type":"image\/png"}],"twitter_card":"summary_large_image","twitter_misc":{"Tempo di lettura stimato":"1 minuto"},"schema":{"@context":"https:\/\/schema.org","@graph":[{"@type":"WebPage","@id":"https:\/\/www.duofalz.com\/it\/note-legali\/","url":"https:\/\/www.duofalz.com\/it\/note-legali\/","name":"NOTE LEGALI - DUOFALZ","isPartOf":{"@id":"https:\/\/www.duofalz.com\/#website"},"datePublished":"2025-01-17T09:39:17+00:00","dateModified":"2025-01-23T10:03:21+00:00","breadcrumb":{"@id":"https:\/\/www.duofalz.com\/it\/note-legali\/#breadcrumb"},"inLanguage":"it-IT","potentialAction":[{"@type":"ReadAction","target":["https:\/\/www.duofalz.com\/it\/note-legali\/"]}]},{"@type":"BreadcrumbList","@id":"https:\/\/www.duofalz.com\/it\/note-legali\/#breadcrumb","itemListElement":[{"@type":"ListItem","position":1,"name":"Startseite","item":"https:\/\/www.duofalz.com\/it\/"},{"@type":"ListItem","position":2,"name":"NOTE LEGALI"}]},{"@type":"WebSite","@id":"https:\/\/www.duofalz.com\/#website","url":"https:\/\/www.duofalz.com\/","name":"DUOFALZ","description":"Programma Alluminio","potentialAction":[{"@type":"SearchAction","target":{"@type":"EntryPoint","urlTemplate":"https:\/\/www.duofalz.com\/?s={search_term_string}"},"query-input":{"@type":"PropertyValueSpecification","valueRequired":true,"valueName":"search_term_string"}}],"inLanguage":"it-IT"}]}},"_links":{"self":[{"href":"https:\/\/www.duofalz.com\/it\/wp-json\/wp\/v2\/pages\/3277","targetHints":{"allow":["GET"]}}],"collection":[{"href":"https:\/\/www.duofalz.com\/it\/wp-json\/wp\/v2\/pages"}],"about":[{"href":"https:\/\/www.duofalz.com\/it\/wp-json\/wp\/v2\/types\/page"}],"author":[{"embeddable":true,"href":"https:\/\/www.duofalz.com\/it\/wp-json\/wp\/v2\/users\/1"}],"replies":[{"embeddable":true,"href":"https:\/\/www.duofalz.com\/it\/wp-json\/wp\/v2\/comments?post=3277"}],"version-history":[{"count":3,"href":"https:\/\/www.duofalz.com\/it\/wp-json\/wp\/v2\/pages\/3277\/revisions"}],"predecessor-version":[{"id":3429,"href":"https:\/\/www.duofalz.com\/it\/wp-json\/wp\/v2\/pages\/3277\/revisions\/3429"}],"wp:attachment":[{"href":"https:\/\/www.duofalz.com\/it\/wp-json\/wp\/v2\/media?parent=3277"}],"wp:term":[{"taxonomy":"category","embeddable":true,"href":"https:\/\/www.duofalz.com\/it\/wp-json\/wp\/v2\/categories?post=3277"}],"curies":[{"name":"wp","href":"https:\/\/api.w.org\/{rel}","templated":true}]}}