{"id":5073,"date":"2025-11-25T09:17:13","date_gmt":"2025-11-25T08:17:13","guid":{"rendered":"https:\/\/www.duofalz.com\/dom\/"},"modified":"2025-12-29T14:45:06","modified_gmt":"2025-12-29T13:45:06","slug":"dom","status":"publish","type":"page","link":"https:\/\/www.duofalz.com\/hr\/","title":{"rendered":"DOM"},"content":{"rendered":"<div class=\"wpb-content-wrapper\"><p>[vc_row css=&#8221;.vc_custom_1710408350737{border: 0px initial !important;}&#8221;][vc_column][vc_empty_space][vc_separator color=&#8221;custom&#8221; accent_color=&#8221;#f28c00&#8243;][vc_empty_space][\/vc_column][\/vc_row][vc_row full_width=&#8221;stretch_row&#8221; type=&#8221;vc_default&#8221; margin_top=&#8221;-6&#8243; margin_bottom=&#8221;24&#8243; css=&#8221;.vc_custom_1594037363685{padding-top: 15px !important;padding-bottom: 0px !important;}&#8221;][vc_column width=&#8221;1\/2&#8243; offset=&#8221;vc_col-lg-3 vc_col-md-3&#8243; css=&#8221;.vc_custom_1594123471229{padding-top: 0px !important;padding-bottom: 50px !important;}&#8221;]<div class=\"aio-icon-component  vc_custom_1594123499176  accent-icon-bg style_1\"><div id=\"Info-box-wrap-5977\" class=\"aio-icon-box top-icon\" style=\"\"  ><div class=\"aio-icon-top\"><div class=\"ult-just-icon-wrapper  \"><div class=\"align-icon\" style=\"text-align:center;\">\n<div class=\"aio-icon circle \"  style=\"color:#ffffff;font-size:32px;display:inline-block;\">\n\t<i class=\"icomoon-icomoonfree-16x16-flag\"><\/i>\n<\/div><\/div><\/div><\/div><div class=\"aio-icon-header\" ><h3 class=\"aio-icon-title ult-responsive\"  data-ultimate-target='#Info-box-wrap-5977 .aio-icon-title'  data-responsive-json-new='{\"font-size\":\"desktop:20px;\",\"line-height\":\"desktop:30px;\"}'  style=\"\">40-godi\u0161nje jamstvo<\/h3><\/div> <!-- header --><\/div> <!-- aio-icon-box --><\/div> <!-- aio-icon-component -->[\/vc_column][vc_column width=&#8221;1\/2&#8243; offset=&#8221;vc_col-lg-3 vc_col-md-3&#8243; css=&#8221;.vc_custom_1495112563645{padding-bottom: 50px !important;}&#8221;]<div class=\"aio-icon-component  vc_custom_1594123520778  accent-icon-bg style_1\"><div id=\"Info-box-wrap-6404\" class=\"aio-icon-box top-icon\" style=\"\"  ><div class=\"aio-icon-top\"><div class=\"ult-just-icon-wrapper  \"><div class=\"align-icon\" style=\"text-align:center;\">\n<div class=\"aio-icon circle \"  style=\"color:#ffffff;font-size:32px;display:inline-block;\">\n\t<i class=\"fas fa-layer-group\"><\/i>\n<\/div><\/div><\/div><\/div><div class=\"aio-icon-header\" ><h3 class=\"aio-icon-title ult-responsive\"  data-ultimate-target='#Info-box-wrap-6404 .aio-icon-title'  data-responsive-json-new='{\"font-size\":\"desktop:20px;\",\"line-height\":\"desktop:30px;\"}'  style=\"\">\u0160iroka paleta boja<\/h3><\/div> <!-- header --><\/div> <!-- aio-icon-box --><\/div> <!-- aio-icon-component -->[\/vc_column][vc_column width=&#8221;1\/2&#8243; offset=&#8221;vc_col-lg-3 vc_col-md-3&#8243; css=&#8221;.vc_custom_1495112570142{padding-bottom: 50px !important;}&#8221;]<div class=\"aio-icon-component  vc_custom_1594123544919  accent-icon-bg style_1\"><div id=\"Info-box-wrap-2567\" class=\"aio-icon-box top-icon\" style=\"\"  ><div class=\"aio-icon-top\"><div class=\"ult-just-icon-wrapper  \"><div class=\"align-icon\" style=\"text-align:center;\">\n<div class=\"aio-icon circle \"  style=\"color:#ffffff;font-size:32px;display:inline-block;\">\n\t<i class=\"fas fa-rainbow\"><\/i>\n<\/div><\/div><\/div><\/div><div class=\"aio-icon-header\" ><h3 class=\"aio-icon-title ult-responsive\"  data-ultimate-target='#Info-box-wrap-2567 .aio-icon-title'  data-responsive-json-new='{\"font-size\":\"desktop:20px;\",\"line-height\":\"desktop:30px;\"}'  style=\"\">SVESTRAN<\/h3><\/div> <!-- header --><\/div> <!-- aio-icon-box --><\/div> <!-- aio-icon-component -->[\/vc_column][vc_column width=&#8221;1\/2&#8243; css=&#8221;.vc_custom_1593672745241{padding-bottom: 50px !important;}&#8221; offset=&#8221;vc_col-lg-3 vc_col-md-3&#8243;]<div class=\"aio-icon-component  vc_custom_1594123566818  accent-icon-bg style_1\"><div id=\"Info-box-wrap-7550\" class=\"aio-icon-box top-icon\" style=\"\"  ><div class=\"aio-icon-top\"><div class=\"ult-just-icon-wrapper  \"><div class=\"align-icon\" style=\"text-align:center;\">\n<div class=\"aio-icon circle \"  style=\"color:#ffffff;font-size:32px;display:inline-block;\">\n\t<i class=\"fas fa-bullseye\"><\/i>\n<\/div><\/div><\/div><\/div><div class=\"aio-icon-header\" ><h3 class=\"aio-icon-title ult-responsive\"  data-ultimate-target='#Info-box-wrap-7550 .aio-icon-title'  data-responsive-json-new='{\"font-size\":\"desktop:20px;\",\"line-height\":\"desktop:30px;\"}'  style=\"\">Vrlo otporan<\/h3><\/div> <!-- header --><\/div> <!-- aio-icon-box --><\/div> <!-- aio-icon-component -->[\/vc_column][\/vc_row][vc_row full_width=&#8221;stretch_row&#8221; gap=&#8221;20&#8243; bg_type=&#8221;bg_color&#8221; bg_override=&#8221;ex-full&#8221; type=&#8221;vc_default&#8221; bg_color_value=&#8221;#f5f5f5&#8243; css=&#8221;.vc_custom_1710427246706{padding-top: 30px !important;}&#8221;][vc_column width=&#8221;1\/3&#8243; css=&#8221;.vc_custom_1710427263704{padding-bottom: 50px !important;}&#8221;]<div id=\"ultimate-heading-48716a0317223a973\" class=\"uvc-heading ult-adjust-bottom-margin ultimate-heading-48716a0317223a973 uvc-2093 accent-border-color\" data-hspacer=\"line_only\"  data-halign=\"center\" style=\"text-align:center\"><div class=\"uvc-heading-spacer line_only\" style=\"topheight:2px;\"><span class=\"uvc-headings-line\" style=\"border-style:solid;border-bottom-width:2px;border-color:;width:200px;\"><\/span><\/div><div class=\"uvc-main-heading ult-responsive\"  data-ultimate-target='.uvc-heading.ultimate-heading-48716a0317223a973 h2'  data-responsive-json-new='{\"font-size\":\"desktop:40px;\",\"line-height\":\"desktop:46px;\"}' ><h2 style=\"font-weight:bold;margin-top:15px;margin-bottom:15px;\">\u0160ARENO.<\/h2><\/div><div class=\"uvc-sub-heading ult-responsive\"  data-ultimate-target='.uvc-heading.ultimate-heading-48716a0317223a973 .uvc-sub-heading '  data-responsive-json-new='{\"font-size\":\"\",\"line-height\":\"\"}'  style=\"font-weight:normal;\">Boje koje se savr\u0161eno uklapaju u svaki krajolik. Bilo da se radi o neutralnoj antracit, toploj bakreno sme\u0111oj ili bogatoj mahovinom zelenoj \u2013 ove i druge zavr\u0161ne obrade boja dvostranog aluminijskog <strong>DUOFALZ-<\/strong> a omogu\u0107uju ostvarenje bezbrojnih arhitektonskih vizija i impresioniraju svojim spektakularnim u\u010dinkom.<\/div><\/div>[\/vc_column][vc_column width=&#8221;1\/3&#8243; css=&#8221;.vc_custom_1710427274878{padding-bottom: 50px !important;}&#8221;]<div id=\"ultimate-heading-56306a0317223aa09\" class=\"uvc-heading ult-adjust-bottom-margin ultimate-heading-56306a0317223aa09 uvc-7748 accent-border-color\" data-hspacer=\"line_only\"  data-halign=\"center\" style=\"text-align:center\"><div class=\"uvc-heading-spacer line_only\" style=\"topheight:2px;\"><span class=\"uvc-headings-line\" style=\"border-style:solid;border-bottom-width:2px;border-color:;width:200px;\"><\/span><\/div><div class=\"uvc-main-heading ult-responsive\"  data-ultimate-target='.uvc-heading.ultimate-heading-56306a0317223aa09 h2'  data-responsive-json-new='{\"font-size\":\"desktop:40px;\",\"line-height\":\"desktop:46px;\"}' ><h2 style=\"font-weight:bold;margin-top:15px;margin-bottom:15px;\">SVJETLO.<\/h2><\/div><div class=\"uvc-sub-heading ult-responsive\"  data-ultimate-target='.uvc-heading.ultimate-heading-56306a0317223aa09 .uvc-sub-heading '  data-responsive-json-new='{\"font-size\":\"\",\"line-height\":\"\"}'  style=\"font-weight:normal;\">Aluminij <strong>DUOFALZ<\/strong> \u2013 njegova jedinstvena lagana konstrukcija u kombinaciji s lakom oblikovanjem materijala \u010dini nemogu\u0107e mogu\u0107im. Mogu\u0107nosti arhitektonskog dizajna prakti\u010dki ne postoje. Aluminij DUOFALZ predstavlja individualnost. Aluminij se danas smatra neizostavnim elementom u modernoj arhitekturi.<\/div><\/div>[\/vc_column][vc_column width=&#8221;1\/3&#8243;]<div id=\"ultimate-heading-58466a0317223aa70\" class=\"uvc-heading ult-adjust-bottom-margin ultimate-heading-58466a0317223aa70 uvc-7180 accent-border-color\" data-hspacer=\"line_only\"  data-halign=\"center\" style=\"text-align:center\"><div class=\"uvc-heading-spacer line_only\" style=\"topheight:2px;\"><span class=\"uvc-headings-line\" style=\"border-style:solid;border-bottom-width:2px;border-color:;width:200px;\"><\/span><\/div><div class=\"uvc-main-heading ult-responsive\"  data-ultimate-target='.uvc-heading.ultimate-heading-58466a0317223aa70 h2'  data-responsive-json-new='{\"font-size\":\"desktop:40px;\",\"line-height\":\"desktop:46px;\"}' ><h2 style=\"font-weight:bold;margin-top:15px;margin-bottom:15px;\">OTPORNO.<\/h2><\/div><div class=\"uvc-sub-heading ult-responsive\"  data-ultimate-target='.uvc-heading.ultimate-heading-58466a0317223aa70 .uvc-sub-heading '  data-responsive-json-new='{\"font-size\":\"\",\"line-height\":\"\"}'  style=\"font-weight:normal;\">Izdr\u017eljiv, bez odr\u017eavanja, otporan na lomljenje, otporan na oluje, otporan na koroziju i prije svega otporan na temperature \u2013 ovo je samo mali dio opse\u017enog popisa svojstava <strong>DUOFALZ aluminija.<\/strong> Izvanredna kvaliteta osnovnog materijala, u kombinaciji s visokokvalitetnim premazom, potkrijepljena je 40-godi\u0161njim jamstvom.<\/div><\/div>[\/vc_column][\/vc_row]<\/p>\n<\/div>","protected":false},"excerpt":{"rendered":"<p>[vc_row css=&#8221;.vc_custom_1710408350737{border: 0px initial !important;}&#8221;][vc_column][vc_empty_space][vc_separator color=&#8221;custom&#8221; accent_color=&#8221;#f28c00&#8243;][vc_empty_space][\/vc_column][\/vc_row][vc_row full_width=&#8221;stretch_row&#8221; type=&#8221;vc_default&#8221; margin_top=&#8221;-6&#8243; margin_bottom=&#8221;24&#8243; css=&#8221;.vc_custom_1594037363685{padding-top: 15px !important;padding-bottom: 0px !important;}&#8221;][vc_column width=&#8221;1\/2&#8243; offset=&#8221;vc_col-lg-3 vc_col-md-3&#8243; css=&#8221;.vc_custom_1594123471229{padding-top: 0px !important;padding-bottom: 50px !important;}&#8221;][\/vc_column][vc_column width=&#8221;1\/2&#8243; offset=&#8221;vc_col-lg-3 vc_col-md-3&#8243; css=&#8221;.vc_custom_1495112563645{padding-bottom: 50px !important;}&#8221;][\/vc_column][vc_column width=&#8221;1\/2&#8243; offset=&#8221;vc_col-lg-3 vc_col-md-3&#8243; css=&#8221;.vc_custom_1495112570142{padding-bottom: 50px !important;}&#8221;][\/vc_column][vc_column width=&#8221;1\/2&#8243; css=&#8221;.vc_custom_1593672745241{padding-bottom: 50px !important;}&#8221; offset=&#8221;vc_col-lg-3 vc_col-md-3&#8243;][\/vc_column][\/vc_row][vc_row full_width=&#8221;stretch_row&#8221; gap=&#8221;20&#8243; bg_type=&#8221;bg_color&#8221; bg_override=&#8221;ex-full&#8221; type=&#8221;vc_default&#8221; bg_color_value=&#8221;#f5f5f5&#8243; css=&#8221;.vc_custom_1710427246706{padding-top: 30px !important;}&#8221;][vc_column width=&#8221;1\/3&#8243; css=&#8221;.vc_custom_1710427263704{padding-bottom: 50px !important;}&#8221;][\/vc_column][vc_column&hellip;<\/p>\n","protected":false},"author":1,"featured_media":0,"parent":0,"menu_order":71,"comment_status":"closed","ping_status":"closed","template":"","meta":{"footnotes":""},"categories":[],"class_list":["post-5073","page","type-page","status-publish","hentry","description-off"],"yoast_head":"<!-- This site is optimized with the Yoast SEO plugin v26.3 - https:\/\/yoast.com\/wordpress\/plugins\/seo\/ -->\n<title>DUOFALZ Aluminij \u2013 za bezvremensku arhitekturu<\/title>\n<meta name=\"description\" content=\"DUOFALZ Aluminij \u2013 lagan, savitljiv, svestran.\" \/>\n<meta name=\"robots\" content=\"index, follow, max-snippet:-1, max-image-preview:large, max-video-preview:-1\" \/>\n<link rel=\"canonical\" href=\"https:\/\/www.duofalz.com\/hr\/\" \/>\n<meta property=\"og:locale\" content=\"hr_HR\" \/>\n<meta property=\"og:type\" content=\"article\" \/>\n<meta property=\"og:title\" content=\"DUOFALZ Aluminij \u2013 za bezvremensku arhitekturu\" \/>\n<meta property=\"og:description\" content=\"DUOFALZ Aluminij \u2013 lagan, savitljiv, svestran.\" \/>\n<meta property=\"og:url\" content=\"https:\/\/www.duofalz.com\/hr\/\" \/>\n<meta property=\"og:site_name\" content=\"DUOFALZ\" \/>\n<meta property=\"article:modified_time\" content=\"2025-12-29T13:45:06+00:00\" \/>\n<meta property=\"og:image\" content=\"https:\/\/www.duofalz.com\/wp-content\/uploads\/2020\/08\/faecher-footer.png\" \/>\n\t<meta property=\"og:image:width\" content=\"600\" \/>\n\t<meta property=\"og:image:height\" content=\"315\" \/>\n\t<meta property=\"og:image:type\" content=\"image\/png\" \/>\n<meta name=\"twitter:card\" content=\"summary_large_image\" \/>\n<meta name=\"twitter:label1\" content=\"Procijenjeno vrijeme \u010ditanja\" \/>\n\t<meta name=\"twitter:data1\" content=\"2 minute\" \/>\n<script type=\"application\/ld+json\" class=\"yoast-schema-graph\">{\"@context\":\"https:\/\/schema.org\",\"@graph\":[{\"@type\":\"WebPage\",\"@id\":\"https:\/\/www.duofalz.com\/hr\/\",\"url\":\"https:\/\/www.duofalz.com\/hr\/\",\"name\":\"DUOFALZ Aluminij \u2013 za bezvremensku arhitekturu\",\"isPartOf\":{\"@id\":\"https:\/\/www.duofalz.com\/#website\"},\"datePublished\":\"2025-11-25T08:17:13+00:00\",\"dateModified\":\"2025-12-29T13:45:06+00:00\",\"description\":\"DUOFALZ Aluminij \u2013 lagan, savitljiv, svestran.\",\"breadcrumb\":{\"@id\":\"https:\/\/www.duofalz.com\/hr\/#breadcrumb\"},\"inLanguage\":\"hr\",\"potentialAction\":[{\"@type\":\"ReadAction\",\"target\":[\"https:\/\/www.duofalz.com\/hr\/\"]}]},{\"@type\":\"BreadcrumbList\",\"@id\":\"https:\/\/www.duofalz.com\/hr\/#breadcrumb\",\"itemListElement\":[{\"@type\":\"ListItem\",\"position\":1,\"name\":\"Po\u010detna stranica\",\"item\":\"https:\/\/www.duofalz.com\/hr\/\"},{\"@type\":\"ListItem\",\"position\":2,\"name\":\"DOM\"}]},{\"@type\":\"WebSite\",\"@id\":\"https:\/\/www.duofalz.com\/#website\",\"url\":\"https:\/\/www.duofalz.com\/\",\"name\":\"DUOFALZ\",\"description\":\"Aluminijski program\",\"potentialAction\":[{\"@type\":\"SearchAction\",\"target\":{\"@type\":\"EntryPoint\",\"urlTemplate\":\"https:\/\/www.duofalz.com\/?s={search_term_string}\"},\"query-input\":{\"@type\":\"PropertyValueSpecification\",\"valueRequired\":true,\"valueName\":\"search_term_string\"}}],\"inLanguage\":\"hr\"}]}<\/script>\n<!-- \/ Yoast SEO plugin. -->","yoast_head_json":{"title":"DUOFALZ Aluminij \u2013 za bezvremensku arhitekturu","description":"DUOFALZ Aluminij \u2013 lagan, savitljiv, svestran.","robots":{"index":"index","follow":"follow","max-snippet":"max-snippet:-1","max-image-preview":"max-image-preview:large","max-video-preview":"max-video-preview:-1"},"canonical":"https:\/\/www.duofalz.com\/hr\/","og_locale":"hr_HR","og_type":"article","og_title":"DUOFALZ Aluminij \u2013 za bezvremensku arhitekturu","og_description":"DUOFALZ Aluminij \u2013 lagan, savitljiv, svestran.","og_url":"https:\/\/www.duofalz.com\/hr\/","og_site_name":"DUOFALZ","article_modified_time":"2025-12-29T13:45:06+00:00","og_image":[{"width":600,"height":315,"url":"https:\/\/www.duofalz.com\/wp-content\/uploads\/2020\/08\/faecher-footer.png","type":"image\/png"}],"twitter_card":"summary_large_image","twitter_misc":{"Procijenjeno vrijeme \u010ditanja":"2 minute"},"schema":{"@context":"https:\/\/schema.org","@graph":[{"@type":"WebPage","@id":"https:\/\/www.duofalz.com\/hr\/","url":"https:\/\/www.duofalz.com\/hr\/","name":"DUOFALZ Aluminij \u2013 za bezvremensku arhitekturu","isPartOf":{"@id":"https:\/\/www.duofalz.com\/#website"},"datePublished":"2025-11-25T08:17:13+00:00","dateModified":"2025-12-29T13:45:06+00:00","description":"DUOFALZ Aluminij \u2013 lagan, savitljiv, svestran.","breadcrumb":{"@id":"https:\/\/www.duofalz.com\/hr\/#breadcrumb"},"inLanguage":"hr","potentialAction":[{"@type":"ReadAction","target":["https:\/\/www.duofalz.com\/hr\/"]}]},{"@type":"BreadcrumbList","@id":"https:\/\/www.duofalz.com\/hr\/#breadcrumb","itemListElement":[{"@type":"ListItem","position":1,"name":"Po\u010detna stranica","item":"https:\/\/www.duofalz.com\/hr\/"},{"@type":"ListItem","position":2,"name":"DOM"}]},{"@type":"WebSite","@id":"https:\/\/www.duofalz.com\/#website","url":"https:\/\/www.duofalz.com\/","name":"DUOFALZ","description":"Aluminijski program","potentialAction":[{"@type":"SearchAction","target":{"@type":"EntryPoint","urlTemplate":"https:\/\/www.duofalz.com\/?s={search_term_string}"},"query-input":{"@type":"PropertyValueSpecification","valueRequired":true,"valueName":"search_term_string"}}],"inLanguage":"hr"}]}},"_links":{"self":[{"href":"https:\/\/www.duofalz.com\/hr\/wp-json\/wp\/v2\/pages\/5073","targetHints":{"allow":["GET"]}}],"collection":[{"href":"https:\/\/www.duofalz.com\/hr\/wp-json\/wp\/v2\/pages"}],"about":[{"href":"https:\/\/www.duofalz.com\/hr\/wp-json\/wp\/v2\/types\/page"}],"author":[{"embeddable":true,"href":"https:\/\/www.duofalz.com\/hr\/wp-json\/wp\/v2\/users\/1"}],"replies":[{"embeddable":true,"href":"https:\/\/www.duofalz.com\/hr\/wp-json\/wp\/v2\/comments?post=5073"}],"version-history":[{"count":6,"href":"https:\/\/www.duofalz.com\/hr\/wp-json\/wp\/v2\/pages\/5073\/revisions"}],"predecessor-version":[{"id":5568,"href":"https:\/\/www.duofalz.com\/hr\/wp-json\/wp\/v2\/pages\/5073\/revisions\/5568"}],"wp:attachment":[{"href":"https:\/\/www.duofalz.com\/hr\/wp-json\/wp\/v2\/media?parent=5073"}],"wp:term":[{"taxonomy":"category","embeddable":true,"href":"https:\/\/www.duofalz.com\/hr\/wp-json\/wp\/v2\/categories?post=5073"}],"curies":[{"name":"wp","href":"https:\/\/api.w.org\/{rel}","templated":true}]}}