{"id":5042,"date":"2025-11-25T09:14:55","date_gmt":"2025-11-25T08:14:55","guid":{"rendered":"https:\/\/www.duofalz.com\/partner-2\/"},"modified":"2025-11-25T09:14:56","modified_gmt":"2025-11-25T08:14:56","slug":"partner-2","status":"publish","type":"page","link":"https:\/\/www.duofalz.com\/hr\/partner-2\/","title":{"rendered":"PARTNER"},"content":{"rendered":"<div class=\"wpb-content-wrapper\"><p>[vc_row][vc_column width=&#8221;1\/2&#8243;][vc_row_inner css=&#8221;.vc_custom_1597832789342{padding-bottom: 20px !important;}&#8221;][vc_column_inner width=&#8221;1\/2&#8243;][vc_single_image image=&#8221;2242&#8243; img_size=&#8221;400&#215;250&#8243; alignment=&#8221;center&#8221;][vc_empty_space height=&#8221;20px&#8221;][\/vc_column_inner][vc_column_inner width=&#8221;1\/2&#8243;][vc_column_text]<\/p>\n<h4>AUSTRIJA<\/h4>\n<p>Filli Stahl Gro\u00dfhandelsges.mbH<br \/>\nSchr\u00f6dingerstra\u00dfe 5,<br \/>\nA-9020 Klagenfurt<br \/>\n<a href=\"https:\/\/www.fillistahl.at\/\" target=\"_blank\" rel=\"noopener noreferrer\">www.fillistahl.at<\/a>[\/vc_column_text][\/vc_column_inner][\/vc_row_inner][\/vc_column][vc_column width=&#8221;1\/2&#8243;][vc_row_inner css=&#8221;.vc_custom_1597832795534{padding-bottom: 20px !important;}&#8221;][vc_column_inner width=&#8221;1\/2&#8243;][vc_single_image image=&#8221;2551&#8243; img_size=&#8221;400&#215;250&#8243; alignment=&#8221;center&#8221;][vc_empty_space height=&#8221;20px&#8221;][\/vc_column_inner][vc_column_inner width=&#8221;1\/2&#8243;][vc_column_text]<\/p>\n<h4>SLOVENIJA<\/h4>\n<p>OBEN-AUF doo LJUBLJANA<br \/>\n\u0160landrova ulica 4c,<br \/>\n1231 \u010crnu\u010de &#8211; Ljubljana<br \/>\n<a href=\"https:\/\/www.obenauf.si\/\">www.obenauf.si<\/a>[\/vc_column_text][\/vc_column_inner][\/vc_row_inner][\/vc_column][\/vc_row][vc_row][vc_column width=&#8221;1\/2&#8243;][vc_row_inner css=&#8221;.vc_custom_1597832800565{padding-bottom: 20px !important;}&#8221;][vc_column_inner width=&#8221;1\/2&#8243;][vc_single_image image=&#8221;2385&#8243; img_size=&#8221;400&#215;250&#8243; alignment=&#8221;center&#8221;][vc_empty_space height=&#8221;20px&#8221;][\/vc_column_inner][vc_column_inner width=&#8221;1\/2&#8243;][vc_column_text]<\/p>\n<h4>NJEMA\u010cKA I BENELUKS<\/h4>\n<p>Gr\u00f6mo GmbH &amp; Co. KG,<br \/>\nJohann-Georg-Fendt-Stra\u00dfe 38,<br \/>\nD-87616 Marktoberdorf<br \/>\n<a href=\"https:\/\/www.groemo.com\/\" target=\"_blank\" rel=\"noopener noreferrer\">www.groemo.com<\/a>[\/vc_column_text][\/vc_column_inner][\/vc_row_inner][\/vc_column][vc_column width=&#8221;1\/2&#8243;][vc_row_inner css=&#8221;.vc_custom_1597832804958{padding-bottom: 20px !important;}&#8221;][vc_column_inner width=&#8221;1\/2&#8243;][vc_single_image image=&#8221;2392&#8243; img_size=&#8221;400&#215;250&#8243; alignment=&#8221;center&#8221;][vc_empty_space height=&#8221;20px&#8221;][\/vc_column_inner][vc_column_inner width=&#8221;1\/2&#8243;][vc_column_text]<\/p>\n<h4>HRVATSKA<\/h4>\n<p>Filli Stahl doo<br \/>\nSavska ulica 114c<br \/>\nHR-10373 Hru\u0161\u010dica \u2013 Ivanja Reka<br \/>\n<a href=\"http:\/\/www.fillistahl.hr\/\" target=\"_blank\" rel=\"noopener noreferrer\">www.fillistahl.hr<\/a>[\/vc_column_text][\/vc_column_inner][\/vc_row_inner][\/vc_column][\/vc_row][vc_row][vc_column width=&#8221;1\/2&#8243;][vc_row_inner css=&#8221;.vc_custom_1597832810781{padding-bottom: 20px !important;}&#8221;][vc_column_inner width=&#8221;1\/2&#8243;][vc_single_image image=&#8221;2939&#8243; img_size=&#8221;400&#215;250&#8243; alignment=&#8221;center&#8221;][vc_empty_space height=&#8221;20px&#8221;][\/vc_column_inner][vc_column_inner width=&#8221;1\/2&#8243;][vc_column_text]<\/p>\n<h4>ITALIJA<\/h4>\n<p>Gruppometal Carimi Alfio Srl<br \/>\nStrada Statale br. 232 km &#8211; 3.2<br \/>\nI-13874 Mottalciata (Biella)<\/p>\n<p><a href=\"http:\/\/www.gruppometal.net\/\" target=\"_blank\" rel=\"noopener noreferrer\">www.gruppometal.net<\/a>[\/vc_column_text][\/vc_column_inner][\/vc_row_inner][\/vc_column][vc_column width=&#8221;1\/2&#8243;][vc_row_inner css=&#8221;.vc_custom_1597832810781{padding-bottom: 20px !important;}&#8221;][vc_column_inner width=&#8221;1\/2&#8243;][vc_single_image image=&#8221;3803&#8243; img_size=&#8221;192&#215;130&#8243; alignment=&#8221;center&#8221;][vc_empty_space height=&#8221;20px&#8221;][\/vc_column_inner][vc_column_inner width=&#8221;1\/2&#8243;][vc_column_text]<\/p>\n<h4>ITALIJA<\/h4>\n<p>Unimetal<br \/>\nVia Circonvallazione G. Giolitti, 92<br \/>\n12030, Torre San Giorgio (CN)<\/p>\n<p><a href=\"https:\/\/www.unimetal.net\" target=\"_blank\" rel=\"noopener noreferrer\">www.unimetal.net<\/a>[\/vc_column_text][\/vc_column_inner][\/vc_row_inner][\/vc_column][\/vc_row]<\/p>\n<\/div>","protected":false},"excerpt":{"rendered":"<p>[vc_row][vc_column width=&#8221;1\/2&#8243;][vc_row_inner css=&#8221;.vc_custom_1597832789342{padding-bottom: 20px !important;}&#8221;][vc_column_inner width=&#8221;1\/2&#8243;][vc_single_image image=&#8221;2242&#8243; img_size=&#8221;400&#215;250&#8243; alignment=&#8221;center&#8221;][vc_empty_space height=&#8221;20px&#8221;][\/vc_column_inner][vc_column_inner width=&#8221;1\/2&#8243;][vc_column_text] AUSTRIJA Filli Stahl Gro\u00dfhandelsges.mbH Schr\u00f6dingerstra\u00dfe 5, A-9020 Klagenfurt www.fillistahl.at[\/vc_column_text][\/vc_column_inner][\/vc_row_inner][\/vc_column][vc_column width=&#8221;1\/2&#8243;][vc_row_inner css=&#8221;.vc_custom_1597832795534{padding-bottom: 20px !important;}&#8221;][vc_column_inner width=&#8221;1\/2&#8243;][vc_single_image image=&#8221;2551&#8243; img_size=&#8221;400&#215;250&#8243; alignment=&#8221;center&#8221;][vc_empty_space height=&#8221;20px&#8221;][\/vc_column_inner][vc_column_inner width=&#8221;1\/2&#8243;][vc_column_text] SLOVENIJA OBEN-AUF doo LJUBLJANA \u0160landrova ulica 4c, 1231 \u010crnu\u010de &#8211; Ljubljana www.obenauf.si[\/vc_column_text][\/vc_column_inner][\/vc_row_inner][\/vc_column][\/vc_row][vc_row][vc_column width=&#8221;1\/2&#8243;][vc_row_inner css=&#8221;.vc_custom_1597832800565{padding-bottom: 20px !important;}&#8221;][vc_column_inner width=&#8221;1\/2&#8243;][vc_single_image image=&#8221;2385&#8243; img_size=&#8221;400&#215;250&#8243; alignment=&#8221;center&#8221;][vc_empty_space height=&#8221;20px&#8221;][\/vc_column_inner][vc_column_inner width=&#8221;1\/2&#8243;][vc_column_text] NJEMA\u010cKA I BENELUKS&hellip;<\/p>\n","protected":false},"author":1,"featured_media":0,"parent":0,"menu_order":114,"comment_status":"closed","ping_status":"closed","template":"","meta":{"footnotes":""},"categories":[],"class_list":["post-5042","page","type-page","status-publish","hentry","description-off"],"yoast_head":"<!-- This site is optimized with the Yoast SEO plugin v26.3 - https:\/\/yoast.com\/wordpress\/plugins\/seo\/ -->\n<title>DUOFALZ \u2013 Pouzdan i sna\u017ean<\/title>\n<meta name=\"description\" content=\"Zajedno s europskim partnerima, DUOFALZ ispunjava najvi\u0161e zahtjeve kupaca.\" \/>\n<meta name=\"robots\" content=\"index, follow, max-snippet:-1, max-image-preview:large, max-video-preview:-1\" \/>\n<link rel=\"canonical\" href=\"https:\/\/www.duofalz.com\/hr\/?page_id=5042\" \/>\n<meta property=\"og:locale\" content=\"hr_HR\" \/>\n<meta property=\"og:type\" content=\"article\" \/>\n<meta property=\"og:title\" content=\"DUOFALZ \u2013 Pouzdan i sna\u017ean\" \/>\n<meta property=\"og:description\" content=\"Zajedno s europskim partnerima, DUOFALZ ispunjava najvi\u0161e zahtjeve kupaca.\" \/>\n<meta property=\"og:url\" content=\"https:\/\/www.duofalz.com\/hr\/?page_id=5042\" \/>\n<meta property=\"og:site_name\" content=\"DUOFALZ\" \/>\n<meta property=\"article:modified_time\" content=\"2025-11-25T08:14:56+00:00\" \/>\n<meta property=\"og:image\" content=\"https:\/\/www.duofalz.com\/wp-content\/uploads\/2020\/08\/faecher-footer.png\" \/>\n\t<meta property=\"og:image:width\" content=\"600\" \/>\n\t<meta property=\"og:image:height\" content=\"315\" \/>\n\t<meta property=\"og:image:type\" content=\"image\/png\" \/>\n<meta name=\"twitter:card\" content=\"summary_large_image\" \/>\n<meta name=\"twitter:label1\" content=\"Procijenjeno vrijeme \u010ditanja\" \/>\n\t<meta name=\"twitter:data1\" content=\"2 minute\" \/>\n<script type=\"application\/ld+json\" class=\"yoast-schema-graph\">{\"@context\":\"https:\/\/schema.org\",\"@graph\":[{\"@type\":\"WebPage\",\"@id\":\"https:\/\/www.duofalz.com\/hr\/?page_id=5042\",\"url\":\"https:\/\/www.duofalz.com\/hr\/?page_id=5042\",\"name\":\"DUOFALZ \u2013 Pouzdan i sna\u017ean\",\"isPartOf\":{\"@id\":\"https:\/\/www.duofalz.com\/#website\"},\"datePublished\":\"2025-11-25T08:14:55+00:00\",\"dateModified\":\"2025-11-25T08:14:56+00:00\",\"description\":\"Zajedno s europskim partnerima, DUOFALZ ispunjava najvi\u0161e zahtjeve kupaca.\",\"breadcrumb\":{\"@id\":\"https:\/\/www.duofalz.com\/hr\/?page_id=5042#breadcrumb\"},\"inLanguage\":\"hr\",\"potentialAction\":[{\"@type\":\"ReadAction\",\"target\":[\"https:\/\/www.duofalz.com\/hr\/?page_id=5042\"]}]},{\"@type\":\"BreadcrumbList\",\"@id\":\"https:\/\/www.duofalz.com\/hr\/?page_id=5042#breadcrumb\",\"itemListElement\":[{\"@type\":\"ListItem\",\"position\":1,\"name\":\"Po\u010detna stranica\",\"item\":\"https:\/\/www.duofalz.com\/hr\/\"},{\"@type\":\"ListItem\",\"position\":2,\"name\":\"PARTNER\"}]},{\"@type\":\"WebSite\",\"@id\":\"https:\/\/www.duofalz.com\/#website\",\"url\":\"https:\/\/www.duofalz.com\/\",\"name\":\"DUOFALZ\",\"description\":\"Aluminijski program\",\"potentialAction\":[{\"@type\":\"SearchAction\",\"target\":{\"@type\":\"EntryPoint\",\"urlTemplate\":\"https:\/\/www.duofalz.com\/?s={search_term_string}\"},\"query-input\":{\"@type\":\"PropertyValueSpecification\",\"valueRequired\":true,\"valueName\":\"search_term_string\"}}],\"inLanguage\":\"hr\"}]}<\/script>\n<!-- \/ Yoast SEO plugin. -->","yoast_head_json":{"title":"DUOFALZ \u2013 Pouzdan i sna\u017ean","description":"Zajedno s europskim partnerima, DUOFALZ ispunjava najvi\u0161e zahtjeve kupaca.","robots":{"index":"index","follow":"follow","max-snippet":"max-snippet:-1","max-image-preview":"max-image-preview:large","max-video-preview":"max-video-preview:-1"},"canonical":"https:\/\/www.duofalz.com\/hr\/?page_id=5042","og_locale":"hr_HR","og_type":"article","og_title":"DUOFALZ \u2013 Pouzdan i sna\u017ean","og_description":"Zajedno s europskim partnerima, DUOFALZ ispunjava najvi\u0161e zahtjeve kupaca.","og_url":"https:\/\/www.duofalz.com\/hr\/?page_id=5042","og_site_name":"DUOFALZ","article_modified_time":"2025-11-25T08:14:56+00:00","og_image":[{"width":600,"height":315,"url":"https:\/\/www.duofalz.com\/wp-content\/uploads\/2020\/08\/faecher-footer.png","type":"image\/png"}],"twitter_card":"summary_large_image","twitter_misc":{"Procijenjeno vrijeme \u010ditanja":"2 minute"},"schema":{"@context":"https:\/\/schema.org","@graph":[{"@type":"WebPage","@id":"https:\/\/www.duofalz.com\/hr\/?page_id=5042","url":"https:\/\/www.duofalz.com\/hr\/?page_id=5042","name":"DUOFALZ \u2013 Pouzdan i sna\u017ean","isPartOf":{"@id":"https:\/\/www.duofalz.com\/#website"},"datePublished":"2025-11-25T08:14:55+00:00","dateModified":"2025-11-25T08:14:56+00:00","description":"Zajedno s europskim partnerima, DUOFALZ ispunjava najvi\u0161e zahtjeve kupaca.","breadcrumb":{"@id":"https:\/\/www.duofalz.com\/hr\/?page_id=5042#breadcrumb"},"inLanguage":"hr","potentialAction":[{"@type":"ReadAction","target":["https:\/\/www.duofalz.com\/hr\/?page_id=5042"]}]},{"@type":"BreadcrumbList","@id":"https:\/\/www.duofalz.com\/hr\/?page_id=5042#breadcrumb","itemListElement":[{"@type":"ListItem","position":1,"name":"Po\u010detna stranica","item":"https:\/\/www.duofalz.com\/hr\/"},{"@type":"ListItem","position":2,"name":"PARTNER"}]},{"@type":"WebSite","@id":"https:\/\/www.duofalz.com\/#website","url":"https:\/\/www.duofalz.com\/","name":"DUOFALZ","description":"Aluminijski program","potentialAction":[{"@type":"SearchAction","target":{"@type":"EntryPoint","urlTemplate":"https:\/\/www.duofalz.com\/?s={search_term_string}"},"query-input":{"@type":"PropertyValueSpecification","valueRequired":true,"valueName":"search_term_string"}}],"inLanguage":"hr"}]}},"_links":{"self":[{"href":"https:\/\/www.duofalz.com\/hr\/wp-json\/wp\/v2\/pages\/5042","targetHints":{"allow":["GET"]}}],"collection":[{"href":"https:\/\/www.duofalz.com\/hr\/wp-json\/wp\/v2\/pages"}],"about":[{"href":"https:\/\/www.duofalz.com\/hr\/wp-json\/wp\/v2\/types\/page"}],"author":[{"embeddable":true,"href":"https:\/\/www.duofalz.com\/hr\/wp-json\/wp\/v2\/users\/1"}],"replies":[{"embeddable":true,"href":"https:\/\/www.duofalz.com\/hr\/wp-json\/wp\/v2\/comments?post=5042"}],"version-history":[{"count":3,"href":"https:\/\/www.duofalz.com\/hr\/wp-json\/wp\/v2\/pages\/5042\/revisions"}],"predecessor-version":[{"id":5045,"href":"https:\/\/www.duofalz.com\/hr\/wp-json\/wp\/v2\/pages\/5042\/revisions\/5045"}],"wp:attachment":[{"href":"https:\/\/www.duofalz.com\/hr\/wp-json\/wp\/v2\/media?parent=5042"}],"wp:term":[{"taxonomy":"category","embeddable":true,"href":"https:\/\/www.duofalz.com\/hr\/wp-json\/wp\/v2\/categories?post=5042"}],"curies":[{"name":"wp","href":"https:\/\/api.w.org\/{rel}","templated":true}]}}