{"id":4057,"date":"2025-07-14T10:39:29","date_gmt":"2025-07-14T08:39:29","guid":{"rendered":"https:\/\/www.duofalz.com\/mediatheque\/"},"modified":"2025-07-14T10:39:30","modified_gmt":"2025-07-14T08:39:30","slug":"mediatheque","status":"publish","type":"page","link":"https:\/\/www.duofalz.com\/fr\/mediatheque\/","title":{"rendered":"M\u00c9DIATH\u00c8QUE"},"content":{"rendered":"<div class=\"wpb-content-wrapper\"><p>[vc_row][vc_column][vc_column_text]<\/p>\n<h3>DUOFALZ<\/h3>\n<h4>Brochure 6 pages<\/h4>\n<p><a href=\"https:\/\/www.duofalz.com\/wp-content\/uploads\/2020\/09\/Folder-Duofalz.pdf\" target=\"_blank\" rel=\"noopener noreferrer\"><img loading=\"lazy\" decoding=\"async\" class=\"alignnone wp-image-2492 size-full\" src=\"https:\/\/www.duofalz.com\/wp-content\/uploads\/2020\/09\/Duofalz-Folder_cover_box.png\" alt=\"\" width=\"150\" height=\"150\"><\/a>[\/vc_column_text][vc_separator css=\u00a0\u00bb.vc_custom_1604585581764{padding-bottom: 30px !important;}\u00a0\u00bb][\/vc_column][\/vc_row]<\/p>\n<\/div>","protected":false},"excerpt":{"rendered":"<p>[vc_row][vc_column][vc_column_text] DUOFALZ Brochure 6 pages [\/vc_column_text][vc_separator css=\u00a0\u00bb.vc_custom_1604585581764{padding-bottom: 30px !important;}\u00a0\u00bb][\/vc_column][\/vc_row]<\/p>\n","protected":false},"author":1,"featured_media":0,"parent":0,"menu_order":103,"comment_status":"closed","ping_status":"closed","template":"","meta":{"footnotes":""},"categories":[],"class_list":["post-4057","page","type-page","status-publish","hentry","description-off"],"yoast_head":"<!-- This site is optimized with the Yoast SEO plugin v26.3 - https:\/\/yoast.com\/wordpress\/plugins\/seo\/ -->\n<title>DUOFALZ - M\u00e9diath\u00e8que<\/title>\n<meta name=\"description\" content=\"DUOFALZ - le programme de qualit\u00e9 en aluminium pour toitures et fa\u00e7ades. D\u00e9couvrez des possibilit\u00e9s presque illimit\u00e9es !\" \/>\n<meta name=\"robots\" content=\"index, follow, max-snippet:-1, max-image-preview:large, max-video-preview:-1\" \/>\n<link rel=\"canonical\" href=\"https:\/\/www.duofalz.com\/fr\/mediatheque\/\" \/>\n<meta property=\"og:locale\" content=\"fr_FR\" \/>\n<meta property=\"og:type\" content=\"article\" \/>\n<meta property=\"og:title\" content=\"DUOFALZ - M\u00e9diath\u00e8que\" \/>\n<meta property=\"og:description\" content=\"DUOFALZ - le programme de qualit\u00e9 en aluminium pour toitures et fa\u00e7ades. D\u00e9couvrez des possibilit\u00e9s presque illimit\u00e9es !\" \/>\n<meta property=\"og:url\" content=\"https:\/\/www.duofalz.com\/fr\/mediatheque\/\" \/>\n<meta property=\"og:site_name\" content=\"DUOFALZ\" \/>\n<meta property=\"article:modified_time\" content=\"2025-07-14T08:39:30+00:00\" \/>\n<meta property=\"og:image\" content=\"https:\/\/www.duofalz.com\/wp-content\/uploads\/2020\/09\/Duofalz-Folder_cover_box.png\" \/>\n\t<meta property=\"og:image:width\" content=\"150\" \/>\n\t<meta property=\"og:image:height\" content=\"150\" \/>\n\t<meta property=\"og:image:type\" content=\"image\/png\" \/>\n<meta name=\"twitter:card\" content=\"summary_large_image\" \/>\n<script type=\"application\/ld+json\" class=\"yoast-schema-graph\">{\"@context\":\"https:\/\/schema.org\",\"@graph\":[{\"@type\":\"WebPage\",\"@id\":\"https:\/\/www.duofalz.com\/fr\/mediatheque\/\",\"url\":\"https:\/\/www.duofalz.com\/fr\/mediatheque\/\",\"name\":\"DUOFALZ - M\u00e9diath\u00e8que\",\"isPartOf\":{\"@id\":\"https:\/\/www.duofalz.com\/#website\"},\"primaryImageOfPage\":{\"@id\":\"https:\/\/www.duofalz.com\/fr\/mediatheque\/#primaryimage\"},\"image\":{\"@id\":\"https:\/\/www.duofalz.com\/fr\/mediatheque\/#primaryimage\"},\"thumbnailUrl\":\"https:\/\/www.duofalz.com\/wp-content\/uploads\/2020\/09\/Duofalz-Folder_cover_box.png\",\"datePublished\":\"2025-07-14T08:39:29+00:00\",\"dateModified\":\"2025-07-14T08:39:30+00:00\",\"description\":\"DUOFALZ - le programme de qualit\u00e9 en aluminium pour toitures et fa\u00e7ades. D\u00e9couvrez des possibilit\u00e9s presque illimit\u00e9es !\",\"breadcrumb\":{\"@id\":\"https:\/\/www.duofalz.com\/fr\/mediatheque\/#breadcrumb\"},\"inLanguage\":\"fr-FR\",\"potentialAction\":[{\"@type\":\"ReadAction\",\"target\":[\"https:\/\/www.duofalz.com\/fr\/mediatheque\/\"]}]},{\"@type\":\"ImageObject\",\"inLanguage\":\"fr-FR\",\"@id\":\"https:\/\/www.duofalz.com\/fr\/mediatheque\/#primaryimage\",\"url\":\"https:\/\/www.duofalz.com\/wp-content\/uploads\/2020\/09\/Duofalz-Folder_cover_box.png\",\"contentUrl\":\"https:\/\/www.duofalz.com\/wp-content\/uploads\/2020\/09\/Duofalz-Folder_cover_box.png\"},{\"@type\":\"BreadcrumbList\",\"@id\":\"https:\/\/www.duofalz.com\/fr\/mediatheque\/#breadcrumb\",\"itemListElement\":[{\"@type\":\"ListItem\",\"position\":1,\"name\":\"Page d'accueil\",\"item\":\"https:\/\/www.duofalz.com\/fr\/\"},{\"@type\":\"ListItem\",\"position\":2,\"name\":\"M\u00c9DIATH\u00c8QUE\"}]},{\"@type\":\"WebSite\",\"@id\":\"https:\/\/www.duofalz.com\/#website\",\"url\":\"https:\/\/www.duofalz.com\/\",\"name\":\"DUOFALZ\",\"description\":\"DAS Aluminium Programm\",\"potentialAction\":[{\"@type\":\"SearchAction\",\"target\":{\"@type\":\"EntryPoint\",\"urlTemplate\":\"https:\/\/www.duofalz.com\/?s={search_term_string}\"},\"query-input\":{\"@type\":\"PropertyValueSpecification\",\"valueRequired\":true,\"valueName\":\"search_term_string\"}}],\"inLanguage\":\"fr-FR\"}]}<\/script>\n<!-- \/ Yoast SEO plugin. -->","yoast_head_json":{"title":"DUOFALZ - M\u00e9diath\u00e8que","description":"DUOFALZ - le programme de qualit\u00e9 en aluminium pour toitures et fa\u00e7ades. D\u00e9couvrez des possibilit\u00e9s presque illimit\u00e9es !","robots":{"index":"index","follow":"follow","max-snippet":"max-snippet:-1","max-image-preview":"max-image-preview:large","max-video-preview":"max-video-preview:-1"},"canonical":"https:\/\/www.duofalz.com\/fr\/mediatheque\/","og_locale":"fr_FR","og_type":"article","og_title":"DUOFALZ - M\u00e9diath\u00e8que","og_description":"DUOFALZ - le programme de qualit\u00e9 en aluminium pour toitures et fa\u00e7ades. D\u00e9couvrez des possibilit\u00e9s presque illimit\u00e9es !","og_url":"https:\/\/www.duofalz.com\/fr\/mediatheque\/","og_site_name":"DUOFALZ","article_modified_time":"2025-07-14T08:39:30+00:00","og_image":[{"width":150,"height":150,"url":"https:\/\/www.duofalz.com\/wp-content\/uploads\/2020\/09\/Duofalz-Folder_cover_box.png","type":"image\/png"}],"twitter_card":"summary_large_image","schema":{"@context":"https:\/\/schema.org","@graph":[{"@type":"WebPage","@id":"https:\/\/www.duofalz.com\/fr\/mediatheque\/","url":"https:\/\/www.duofalz.com\/fr\/mediatheque\/","name":"DUOFALZ - M\u00e9diath\u00e8que","isPartOf":{"@id":"https:\/\/www.duofalz.com\/#website"},"primaryImageOfPage":{"@id":"https:\/\/www.duofalz.com\/fr\/mediatheque\/#primaryimage"},"image":{"@id":"https:\/\/www.duofalz.com\/fr\/mediatheque\/#primaryimage"},"thumbnailUrl":"https:\/\/www.duofalz.com\/wp-content\/uploads\/2020\/09\/Duofalz-Folder_cover_box.png","datePublished":"2025-07-14T08:39:29+00:00","dateModified":"2025-07-14T08:39:30+00:00","description":"DUOFALZ - le programme de qualit\u00e9 en aluminium pour toitures et fa\u00e7ades. D\u00e9couvrez des possibilit\u00e9s presque illimit\u00e9es !","breadcrumb":{"@id":"https:\/\/www.duofalz.com\/fr\/mediatheque\/#breadcrumb"},"inLanguage":"fr-FR","potentialAction":[{"@type":"ReadAction","target":["https:\/\/www.duofalz.com\/fr\/mediatheque\/"]}]},{"@type":"ImageObject","inLanguage":"fr-FR","@id":"https:\/\/www.duofalz.com\/fr\/mediatheque\/#primaryimage","url":"https:\/\/www.duofalz.com\/wp-content\/uploads\/2020\/09\/Duofalz-Folder_cover_box.png","contentUrl":"https:\/\/www.duofalz.com\/wp-content\/uploads\/2020\/09\/Duofalz-Folder_cover_box.png"},{"@type":"BreadcrumbList","@id":"https:\/\/www.duofalz.com\/fr\/mediatheque\/#breadcrumb","itemListElement":[{"@type":"ListItem","position":1,"name":"Page d'accueil","item":"https:\/\/www.duofalz.com\/fr\/"},{"@type":"ListItem","position":2,"name":"M\u00c9DIATH\u00c8QUE"}]},{"@type":"WebSite","@id":"https:\/\/www.duofalz.com\/#website","url":"https:\/\/www.duofalz.com\/","name":"DUOFALZ","description":"DAS Aluminium Programm","potentialAction":[{"@type":"SearchAction","target":{"@type":"EntryPoint","urlTemplate":"https:\/\/www.duofalz.com\/?s={search_term_string}"},"query-input":{"@type":"PropertyValueSpecification","valueRequired":true,"valueName":"search_term_string"}}],"inLanguage":"fr-FR"}]}},"_links":{"self":[{"href":"https:\/\/www.duofalz.com\/fr\/wp-json\/wp\/v2\/pages\/4057","targetHints":{"allow":["GET"]}}],"collection":[{"href":"https:\/\/www.duofalz.com\/fr\/wp-json\/wp\/v2\/pages"}],"about":[{"href":"https:\/\/www.duofalz.com\/fr\/wp-json\/wp\/v2\/types\/page"}],"author":[{"embeddable":true,"href":"https:\/\/www.duofalz.com\/fr\/wp-json\/wp\/v2\/users\/1"}],"replies":[{"embeddable":true,"href":"https:\/\/www.duofalz.com\/fr\/wp-json\/wp\/v2\/comments?post=4057"}],"version-history":[{"count":2,"href":"https:\/\/www.duofalz.com\/fr\/wp-json\/wp\/v2\/pages\/4057\/revisions"}],"predecessor-version":[{"id":4059,"href":"https:\/\/www.duofalz.com\/fr\/wp-json\/wp\/v2\/pages\/4057\/revisions\/4059"}],"wp:attachment":[{"href":"https:\/\/www.duofalz.com\/fr\/wp-json\/wp\/v2\/media?parent=4057"}],"wp:term":[{"taxonomy":"category","embeddable":true,"href":"https:\/\/www.duofalz.com\/fr\/wp-json\/wp\/v2\/categories?post=4057"}],"curies":[{"name":"wp","href":"https:\/\/api.w.org\/{rel}","templated":true}]}}